{"id":775,"date":"2020-08-21T12:23:58","date_gmt":"2020-08-21T09:23:58","guid":{"rendered":"http:\/\/jyvaskyla-paijannerotaryklubi.fi\/?page_id=775"},"modified":"2021-06-23T12:03:53","modified_gmt":"2021-06-23T09:03:53","slug":"projektitoimintamme","status":"publish","type":"page","link":"https:\/\/jyvaskyla-paijannerotaryklubi.fi\/?page_id=775","title":{"rendered":"Projektitoimintamme"},"content":{"rendered":"<div id=\"pl-775\"  class=\"panel-layout\" ><div id=\"pg-775-0\"  class=\"panel-grid panel-has-style\" ><div class=\"siteorigin-panels-stretch panel-row-style panel-row-style-for-775-0\" data-stretch-type=\"full-stretched\" ><div id=\"pgc-775-0-0\"  class=\"panel-grid-cell panel-grid-cell-empty\" ><\/div><\/div><\/div><div id=\"pg-775-1\"  class=\"panel-grid panel-has-style\" ><div class=\"panel-row-style panel-row-style-for-775-1\" ><div id=\"pgc-775-1-0\"  class=\"panel-grid-cell\" ><div id=\"panel-775-1-0-0\" class=\"so-panel widget widget_sow-editor panel-first-child panel-last-child\" data-index=\"0\" ><div\n\t\t\t\n\t\t\tclass=\"so-widget-sow-editor so-widget-sow-editor-base\"\n\t\t\t\n\t\t>\n<div class=\"siteorigin-widget-tinymce textwidget\">\n\t<div>\n<div id=\":18z\" class=\"ii gt\">\n<div id=\":18y\" class=\"a3s aiL \">\n<div>\n<div dir=\"auto\">\n<div dir=\"auto\">\n<div dir=\"auto\">\n<div dir=\"auto\">\n<div><b>P\u00e4ij\u00e4nne-ymp\u00e4rist\u00f6projekti<\/b><\/div>\n<div><\/div>\n<div>\n<p>Uusimpana pitk\u00e4kestoisena projektina k\u00e4ynnistimme alkuvuodesta 2021 P\u00e4ij\u00e4nne-ymp\u00e4rist\u00f6projektin. Idea projektiin syntyi klubin strategiaprosessin keskusteluissa. T\u00e4h\u00e4n menness\u00e4 olemme sopineet yhteisty\u00f6st\u00e4 ProP\u00e4ij\u00e4nteen kanssa, klubi on mukana yhteis\u00f6j\u00e4senen\u00e4 P\u00e4ij\u00e4nne biosf\u00e4\u00e4rialueeksi -hankkeessa.<\/p>\n<p>Toukokuussa j\u00e4rjestimme siivoustalkoot P\u00e4ij\u00e4nteen ja l\u00e4hivesien rannoilla. 15 hengen voimin ker\u00e4simme rannoilta roskia yhteens\u00e4 15 j\u00e4tes\u00e4killist\u00e4. Roskat olivat p\u00e4\u00e4asiassa rantaan ajelehtineita erilaisia muoviroskia, rannoille j\u00e4\u00e4neit\u00e4 lasi- ja muovipulloja, muovi- ja peltikanistereita, styroksia ja jopa rakennusj\u00e4tett\u00e4. Ilman siivoustalkoita n\u00e4m\u00e4 olisivat j\u00e4\u00e4neet luontoon hyvinkin pitk\u00e4ksi aikaa. Suuri kiitos talkoolaisille!!<\/p>\n<div><img loading=\"lazy\" decoding=\"async\" class=\"size-full wp-image-1070 alignnone\" src=\"https:\/\/jyvaskyla-paijannerotaryklubi.fi\/wp-content\/uploads\/2021\/05\/Paijanne-ymparisto.jpg\" alt=\"\" width=\"1447\" height=\"500\" srcset=\"https:\/\/jyvaskyla-paijannerotaryklubi.fi\/wp-content\/uploads\/2021\/05\/Paijanne-ymparisto.jpg 1447w, https:\/\/jyvaskyla-paijannerotaryklubi.fi\/wp-content\/uploads\/2021\/05\/Paijanne-ymparisto-300x104.jpg 300w, https:\/\/jyvaskyla-paijannerotaryklubi.fi\/wp-content\/uploads\/2021\/05\/Paijanne-ymparisto-1024x354.jpg 1024w, https:\/\/jyvaskyla-paijannerotaryklubi.fi\/wp-content\/uploads\/2021\/05\/Paijanne-ymparisto-768x265.jpg 768w\" sizes=\"auto, (max-width: 1447px) 100vw, 1447px\" \/><\/div>\n<\/div>\n<\/div>\n<\/div>\n<\/div>\n<\/div>\n<\/div>\n<\/div>\n<div><\/div>\n<hr \/>\n<div><b>Lasten tiedekasvatus<\/b><\/div>\n<\/div>\n<p>Klubimme toimii yhteisty\u00f6ss\u00e4 Avoimen Yliopiston kanssa nuorille kohdistetun tiedekasvatusleirin toteuttamiseksi vuonna 2021. T\u00e4t\u00e4 projektia tukee my\u00f6s piirimme 1390.<\/p>\n<p><img loading=\"lazy\" decoding=\"async\" class=\"size-full wp-image-1064 alignnone\" src=\"https:\/\/jyvaskyla-paijannerotaryklubi.fi\/wp-content\/uploads\/2021\/05\/Tiedekasvatusleiri.jpeg\" alt=\"\" width=\"320\" height=\"157\" srcset=\"https:\/\/jyvaskyla-paijannerotaryklubi.fi\/wp-content\/uploads\/2021\/05\/Tiedekasvatusleiri.jpeg 320w, https:\/\/jyvaskyla-paijannerotaryklubi.fi\/wp-content\/uploads\/2021\/05\/Tiedekasvatusleiri-300x147.jpeg 300w\" sizes=\"auto, (max-width: 320px) 100vw, 320px\" \/><\/p>\n<hr \/>\n<p><b>Yhteisty\u00f6 Jyv\u00e4skyl\u00e4n Sinfonian kanssa<\/b><br \/>\nOlemme mukana Sinfonian On the Move -tapahtumassa. J\u00e4rjest\u00e4mme ja juonnamme hyv\u00e4ntekev\u00e4isyyskonsertteja Jyv\u00e4skyl\u00e4n palvelukodeissa.<\/p>\n<p><img loading=\"lazy\" decoding=\"async\" class=\"size-full wp-image-846 aligncenter\" src=\"https:\/\/jyvaskyla-paijannerotaryklubi.fi\/wp-content\/uploads\/2020\/08\/Konsertti-250.jpg\" alt=\"\" width=\"411\" height=\"250\" srcset=\"https:\/\/jyvaskyla-paijannerotaryklubi.fi\/wp-content\/uploads\/2020\/08\/Konsertti-250.jpg 411w, https:\/\/jyvaskyla-paijannerotaryklubi.fi\/wp-content\/uploads\/2020\/08\/Konsertti-250-300x182.jpg 300w\" sizes=\"auto, (max-width: 411px) 100vw, 411px\" \/><\/p>\n<hr \/>\n<p><b>Sotaveteraanijuhlat<br \/>\n<\/b>J\u00e4rjest\u00e4mme yhteisty\u00f6ss\u00e4 Jyv\u00e4skyl\u00e4n muiden rotaryklubien kanssa sotaveteraaneille ja heid\u00e4n puolisoilleen perinteiset veteraanijuhlat Kristillisell\u00e4 opistolla.<\/p>\n<p>Koronatilanteen vuoksi juhlat siirtyv\u00e4t syksylt\u00e4 pidett\u00e4v\u00e4ksi my\u00f6hemmin turvallisena ajankohtana.<\/p>\n<p><img loading=\"lazy\" decoding=\"async\" class=\"size-full wp-image-858 aligncenter\" src=\"https:\/\/jyvaskyla-paijannerotaryklubi.fi\/wp-content\/uploads\/2020\/08\/Veteraanijuhla.jpeg\" alt=\"\" width=\"240\" height=\"320\" srcset=\"https:\/\/jyvaskyla-paijannerotaryklubi.fi\/wp-content\/uploads\/2020\/08\/Veteraanijuhla.jpeg 240w, https:\/\/jyvaskyla-paijannerotaryklubi.fi\/wp-content\/uploads\/2020\/08\/Veteraanijuhla-225x300.jpeg 225w\" sizes=\"auto, (max-width: 240px) 100vw, 240px\" \/><\/p>\n<hr \/>\n<p><b>Rotary-heijastimet<br \/>\n<\/b>My\u00f6s Rotary-logoisten heijastimien v\u00e4litt\u00e4minen rotareille on jatkuva osa klubitoimintaamme. Voit tilata niit\u00e4 klubiltamme.<\/p>\n<p><img loading=\"lazy\" decoding=\"async\" class=\"size-full wp-image-843 aligncenter\" src=\"https:\/\/jyvaskyla-paijannerotaryklubi.fi\/wp-content\/uploads\/2020\/08\/Heijastin.jpg\" alt=\"\" width=\"200\" height=\"189\" \/><\/p>\n<hr \/>\n<p><b>Muu vapaaehtoisty\u00f6<\/b><br \/>\nKlubimme j\u00e4senet tekev\u00e4t monenlaista vapaaehtoisty\u00f6t\u00e4 mm. ik\u00e4ihmisten ja vammaisten tukena.<\/p>\n<p>Kuluvan rotaryvuoden aikana on tehty vapaaehtoisty\u00f6t\u00e4 per\u00e4ti 146 ty\u00f6p\u00e4iv\u00e4n edest\u00e4. Vallitsevassa koronatilanteessa on tarjottu apua kaupassa k\u00e4yntiin ja kuljetuksiin erityisen paljon, kun taas perinteisi\u00e4 l\u00e4hikontakteja, esim. sanomalehtien lukua ik\u00e4ihmisille ei ole pystytty toteuttamaan.<\/p>\n<hr \/>\n<p><a href=\"https:\/\/jyvaskyla-paijannerotaryklubi.fi\/?page_id=58\"><b>Nuorisovaihto <\/b><\/a><\/p>\n<\/div>\n<\/div>\n<\/div><\/div><\/div><\/div><\/div><\/div>","protected":false},"excerpt":{"rendered":"<p>P\u00e4ij\u00e4nne-ymp\u00e4rist\u00f6projekti Uusimpana pitk\u00e4kestoisena projektina k\u00e4ynnistimme alkuvuodesta 2021 P\u00e4ij\u00e4nne-ymp\u00e4rist\u00f6projektin. Idea projektiin syntyi klubin strategiaprosessin keskusteluissa. T\u00e4h\u00e4n menness\u00e4 olemme sopineet yhteisty\u00f6st\u00e4 ProP\u00e4ij\u00e4nteen kanssa, klubi on mukana yhteis\u00f6j\u00e4senen\u00e4 P\u00e4ij\u00e4nne biosf\u00e4\u00e4rialueeksi -hankkeessa. Toukokuussa j\u00e4rjestimme &#8230; <a title=\"Projektitoimintamme\" class=\"read-more\" href=\"https:\/\/jyvaskyla-paijannerotaryklubi.fi\/?page_id=775\" aria-label=\"Lue lis\u00e4\u00e4 aiheesta Projektitoimintamme\">Lue lis\u00e4\u00e4<\/a><\/p>\n","protected":false},"author":1,"featured_media":0,"parent":0,"menu_order":3,"comment_status":"closed","ping_status":"closed","template":"","meta":{"footnotes":""},"class_list":["post-775","page","type-page","status-publish"],"_links":{"self":[{"href":"https:\/\/jyvaskyla-paijannerotaryklubi.fi\/index.php?rest_route=\/wp\/v2\/pages\/775","targetHints":{"allow":["GET"]}}],"collection":[{"href":"https:\/\/jyvaskyla-paijannerotaryklubi.fi\/index.php?rest_route=\/wp\/v2\/pages"}],"about":[{"href":"https:\/\/jyvaskyla-paijannerotaryklubi.fi\/index.php?rest_route=\/wp\/v2\/types\/page"}],"author":[{"embeddable":true,"href":"https:\/\/jyvaskyla-paijannerotaryklubi.fi\/index.php?rest_route=\/wp\/v2\/users\/1"}],"replies":[{"embeddable":true,"href":"https:\/\/jyvaskyla-paijannerotaryklubi.fi\/index.php?rest_route=%2Fwp%2Fv2%2Fcomments&post=775"}],"version-history":[{"count":53,"href":"https:\/\/jyvaskyla-paijannerotaryklubi.fi\/index.php?rest_route=\/wp\/v2\/pages\/775\/revisions"}],"predecessor-version":[{"id":1085,"href":"https:\/\/jyvaskyla-paijannerotaryklubi.fi\/index.php?rest_route=\/wp\/v2\/pages\/775\/revisions\/1085"}],"wp:attachment":[{"href":"https:\/\/jyvaskyla-paijannerotaryklubi.fi\/index.php?rest_route=%2Fwp%2Fv2%2Fmedia&parent=775"}],"curies":[{"name":"wp","href":"https:\/\/api.w.org\/{rel}","templated":true}]}}