{"id":58,"date":"2017-04-04T10:41:35","date_gmt":"2017-04-04T10:41:35","guid":{"rendered":"http:\/\/rotarydemo.fi.wp1.kotisivut.com\/?page_id=58"},"modified":"2020-09-15T14:41:37","modified_gmt":"2020-09-15T11:41:37","slug":"nuorisovaihto","status":"publish","type":"page","link":"https:\/\/jyvaskyla-paijannerotaryklubi.fi\/?page_id=58","title":{"rendered":"Nuorisovaihto"},"content":{"rendered":"<div id=\"pl-58\"  class=\"panel-layout\" ><div id=\"pg-58-0\"  class=\"panel-grid panel-no-style\" ><div id=\"pgc-58-0-0\"  class=\"panel-grid-cell\" ><div id=\"panel-58-0-0-0\" class=\"so-panel widget widget_sow-editor panel-first-child\" data-index=\"0\" ><div\n\t\t\t\n\t\t\tclass=\"so-widget-sow-editor so-widget-sow-editor-base\"\n\t\t\t\n\t\t>\n<div class=\"siteorigin-widget-tinymce textwidget\">\n\t<p><span style=\"color: #000000;\"><img loading=\"lazy\" decoding=\"async\" class=\"alignleft size-full wp-image-851\" src=\"https:\/\/jyvaskyla-paijannerotaryklubi.fi\/wp-content\/uploads\/2020\/08\/Nuorisov2.jpg\" alt=\"\" width=\"580\" height=\"250\" srcset=\"https:\/\/jyvaskyla-paijannerotaryklubi.fi\/wp-content\/uploads\/2020\/08\/Nuorisov2.jpg 580w, https:\/\/jyvaskyla-paijannerotaryklubi.fi\/wp-content\/uploads\/2020\/08\/Nuorisov2-300x129.jpg 300w\" sizes=\"auto, (max-width: 580px) 100vw, 580px\" \/>Rotaryn nuorisovaihto on turvallinen ja usein varsin edullinen tapa p\u00e4\u00e4st\u00e4 ulkomaille vaihto-oppilaaksi.\u00a0Rotaryn nuorisovaihto on sertifioitua ja valvottua. Vaihdon aikana nuori edustaa rotaryj\u00e4rjest\u00f6\u00e4 ja h\u00e4nt\u00e4 sitovat rotaryn s\u00e4\u00e4nn\u00f6t, mik\u00e4 on olennainen osa vaihdon turvallisuutta. Nuori ja h\u00e4nen perheens\u00e4 koulutetaan vaihtovuoden vaatimuksiin ennen nuoren l\u00e4ht\u00f6\u00e4.\u00a0<\/span><\/p>\n<p><span style=\"color: #000000;\">Is\u00e4nt\u00e4perhe ottaa nuoren perheenj\u00e4senekseen. Vastaanottava rotaryklubi huolehtii saapuvan vaihto-oppilaan koulukustannuksista ja nuori saa my\u00f6s pient\u00e4 kuukausirahaa rotaryklubiltaan. Is\u00e4nt\u00e4perhe ei saa rahallista korvausta nuoren yll\u00e4pidosta.<\/span><\/p>\n<p><span style=\"color: #000000;\">Kun rotaryklubimme ottaa vastaan ulkomaisen vaihto-oppilaan, se tarkoittaa samalla, ett\u00e4 meilt\u00e4 vastavuoroisesti p\u00e4\u00e4see nuori ulkomaille. Ulkomailla koulunk\u00e4ynti ei suinkaan aina ole oppilaalle ilmaista, mutta nuoren vastaanottava rotaryklubi kohdemaassa vastaa n\u00e4ist\u00e4kin kustannuksista. Nuori saa my\u00f6s samat edut ja huolenpidon kuin maahamme saapuva nuori.<\/span><\/p>\n<p><span style=\"color: #000000;\">Suomeen saapuville vaihto-oppilaille tarvitaan is\u00e4nt\u00e4perheit\u00e4. Nuori on vaihtovuoden aikana useammassa is\u00e4nt\u00e4perheess\u00e4, meid\u00e4n klubin vaihto-oppilailla on ollut nelj\u00e4 is\u00e4nt\u00e4perhett\u00e4, jolloin yhden perheen is\u00e4nn\u00f6im\u00e4 jakso on alle kolme kuukautta. Kun haluat tarjota turvallisen kodin Suomeen saapuvalle nuorelle, ota yhteytt\u00e4 klubimme nuorisovaihtoasiamieheen.\u00a0Is\u00e4nt\u00e4perheet koulutetaan ennen nuoren saapumista. Is\u00e4nt\u00e4klubi, klubin nuorisovaihtotiimi ja rotarypiiri huolehtivat oppilaasta vaihtovuoden ajan, kouluttavat is\u00e4nt\u00e4perheet ja ovat apuna aina tarvittaessa.<\/span><\/p>\n<h2>Kiinnostuitko nuorisovaihdosta?<\/h2>\n<p>Rotaryn kautta voit hakea vuosivaihtoon, kes\u00e4vaihtoon tai leirivaihtoon. N\u00e4ist\u00e4 eri vaihtomuodoista voit lukea lis\u00e4\u00e4 Suomen Rotaryn <a href=\"https:\/\/rotary.fi\/mita-teemme\/nuorisopalvelut\/nuorisovaihto\/\">nuorisovaihdon sivuilta<\/a>. Hakuaika seuraavan vuoden vaihtoihin on hakuvuotta edelt\u00e4v\u00e4n\u00e4 syksyn\u00e4, elo-syyskuussa.<\/p>\n<p>Useimmat vuosivaihtoon hakevat aloittavat haun aikaan lukion 1. vuoden ja vaihto-oppilasvuosi alkaa mukaan valituille vuoden kuluttua elokuussa. Jos kiinnostuit, ota yhteytt\u00e4 klubimme nuorisoasiamieheen <a href=\"https:\/\/jyvaskyla-paijannerotaryklubi.fi\/?page_id=51\">s\u00e4hk\u00f6postilla<\/a> ja kysy tarkemmin hakuprosessista ja sen etenemisest\u00e4.<\/p>\n<p>Jyv\u00e4skyl\u00e4n alueen klubien nuorisovaihtoasiamiehet k\u00e4sittelev\u00e4t yhdess\u00e4 vastaanotetut hakemukset, haastattelevat hakijat ja tekev\u00e4t valinnat. Sen j\u00e4lkeen rotarypiiri haastattelee valitut nuoret ja tekee lopulliset valintap\u00e4\u00e4t\u00f6kset. Klubimme nuorisovaihto toteutetaan yhdess\u00e4 Jyv\u00e4skyl\u00e4-Laajavuoren Rotaryklubin kanssa.<\/p>\n<p>N\u00e4in toimitaan yleens\u00e4, mutta nyt on koronapandemia muuttanut t\u00e4m\u00e4n vuoden suunnitelmat.\u00a0 Suomen Rotarypalvelun hallitus on p\u00e4\u00e4tt\u00e4nyt, ett\u00e4 vuoden 2020 kaikki kes\u00e4n ja syksyn vaihto-ohjelmat on siirretty vuodella eteenp\u00e4in. Vuosi-ja kes\u00e4vaihtoon valitut voivat halutessaan ja tilanteen niin salliessa siirt\u00e4\u00e4 vaihtonsa kauteen 2021-2022.<\/p>\n<h2>Rotary-nuorisovaihdosta l\u00f6ytyy lis\u00e4tietoja <a href=\"http:\/\/rye.fi\">t\u00e4\u00e4lt\u00e4<\/a><\/h2>\n<p>&nbsp;<\/p>\n<div>Iso kuva: Jyv\u00e4skyl\u00e4n ja Jyv\u00e4skyl\u00e4-P\u00e4ij\u00e4nne klubien vaihto-oppilaat Fabian ja Tomas istuttamassa Rotary-puuta Jyv\u00e4skyl\u00e4-P\u00e4ij\u00e4nne klubin presidentti Ingvor Anttisen kanssa 28.9.2017.<\/div>\n<div><\/div>\n<div>Pienet kuvat: Montana Australiasta, Chiara Italiasta ja Jyv\u00e4skyl\u00e4n Rotaryklubin Florian Saksasta, Tomas Chilest\u00e4 ja presidentti Ingvor Anttinen, Maria Taiwanissa<\/div>\n<p><img loading=\"lazy\" decoding=\"async\" class=\"alignleft size-full wp-image-432\" src=\"https:\/\/jyvaskyla-paijannerotaryklubi.fi\/wp-content\/uploads\/2017\/11\/Rotarypuun-istutus-28_9_2017.jpg\" alt=\"\" width=\"800\" height=\"600\" srcset=\"https:\/\/jyvaskyla-paijannerotaryklubi.fi\/wp-content\/uploads\/2017\/11\/Rotarypuun-istutus-28_9_2017.jpg 800w, https:\/\/jyvaskyla-paijannerotaryklubi.fi\/wp-content\/uploads\/2017\/11\/Rotarypuun-istutus-28_9_2017-300x225.jpg 300w, https:\/\/jyvaskyla-paijannerotaryklubi.fi\/wp-content\/uploads\/2017\/11\/Rotarypuun-istutus-28_9_2017-768x576.jpg 768w\" sizes=\"auto, (max-width: 800px) 100vw, 800px\" \/><br \/>\n<img loading=\"lazy\" decoding=\"async\" class=\"alignleft wp-image-838\" src=\"https:\/\/jyvaskyla-paijannerotaryklubi.fi\/wp-content\/uploads\/2020\/08\/Nuorisovaihto-1024x1024.jpg\" alt=\"\" width=\"800\" height=\"800\" srcset=\"https:\/\/jyvaskyla-paijannerotaryklubi.fi\/wp-content\/uploads\/2020\/08\/Nuorisovaihto-1024x1024.jpg 1024w, https:\/\/jyvaskyla-paijannerotaryklubi.fi\/wp-content\/uploads\/2020\/08\/Nuorisovaihto-300x300.jpg 300w, https:\/\/jyvaskyla-paijannerotaryklubi.fi\/wp-content\/uploads\/2020\/08\/Nuorisovaihto-150x150.jpg 150w, https:\/\/jyvaskyla-paijannerotaryklubi.fi\/wp-content\/uploads\/2020\/08\/Nuorisovaihto-768x768.jpg 768w, https:\/\/jyvaskyla-paijannerotaryklubi.fi\/wp-content\/uploads\/2020\/08\/Nuorisovaihto-1536x1536.jpg 1536w, https:\/\/jyvaskyla-paijannerotaryklubi.fi\/wp-content\/uploads\/2020\/08\/Nuorisovaihto.jpg 2048w\" sizes=\"auto, (max-width: 800px) 100vw, 800px\" \/><br \/>\n<img loading=\"lazy\" decoding=\"async\" class=\"wp-image-894 alignleft\" src=\"https:\/\/jyvaskyla-paijannerotaryklubi.fi\/wp-content\/uploads\/2020\/09\/16B3D9D7-4B72-4B02-B39F-957E1A2535CE_4_5005_c.jpeg\" alt=\"\" width=\"399\" height=\"299\" srcset=\"https:\/\/jyvaskyla-paijannerotaryklubi.fi\/wp-content\/uploads\/2020\/09\/16B3D9D7-4B72-4B02-B39F-957E1A2535CE_4_5005_c.jpeg 320w, https:\/\/jyvaskyla-paijannerotaryklubi.fi\/wp-content\/uploads\/2020\/09\/16B3D9D7-4B72-4B02-B39F-957E1A2535CE_4_5005_c-300x225.jpeg 300w\" sizes=\"auto, (max-width: 399px) 100vw, 399px\" \/><\/p>\n<\/div>\n<\/div><\/div><div id=\"panel-58-0-0-1\" class=\"so-panel widget widget_sow-image panel-last-child\" data-index=\"1\" ><div\n\t\t\t\n\t\t\tclass=\"so-widget-sow-image so-widget-sow-image-default-dbf295114b96-58\"\n\t\t\t\n\t\t><\/div><\/div><\/div><\/div><\/div>","protected":false},"excerpt":{"rendered":"<p>Rotaryn nuorisovaihto on turvallinen ja usein varsin edullinen tapa p\u00e4\u00e4st\u00e4 ulkomaille vaihto-oppilaaksi.\u00a0Rotaryn nuorisovaihto on sertifioitua ja valvottua. Vaihdon aikana nuori edustaa rotaryj\u00e4rjest\u00f6\u00e4 ja h\u00e4nt\u00e4 sitovat rotaryn s\u00e4\u00e4nn\u00f6t, mik\u00e4 on olennainen &#8230; <a title=\"Nuorisovaihto\" class=\"read-more\" href=\"https:\/\/jyvaskyla-paijannerotaryklubi.fi\/?page_id=58\" aria-label=\"Lue lis\u00e4\u00e4 aiheesta Nuorisovaihto\">Lue lis\u00e4\u00e4<\/a><\/p>\n","protected":false},"author":1,"featured_media":629,"parent":0,"menu_order":0,"comment_status":"closed","ping_status":"closed","template":"","meta":{"footnotes":""},"class_list":["post-58","page","type-page","status-publish","has-post-thumbnail"],"_links":{"self":[{"href":"https:\/\/jyvaskyla-paijannerotaryklubi.fi\/index.php?rest_route=\/wp\/v2\/pages\/58","targetHints":{"allow":["GET"]}}],"collection":[{"href":"https:\/\/jyvaskyla-paijannerotaryklubi.fi\/index.php?rest_route=\/wp\/v2\/pages"}],"about":[{"href":"https:\/\/jyvaskyla-paijannerotaryklubi.fi\/index.php?rest_route=\/wp\/v2\/types\/page"}],"author":[{"embeddable":true,"href":"https:\/\/jyvaskyla-paijannerotaryklubi.fi\/index.php?rest_route=\/wp\/v2\/users\/1"}],"replies":[{"embeddable":true,"href":"https:\/\/jyvaskyla-paijannerotaryklubi.fi\/index.php?rest_route=%2Fwp%2Fv2%2Fcomments&post=58"}],"version-history":[{"count":52,"href":"https:\/\/jyvaskyla-paijannerotaryklubi.fi\/index.php?rest_route=\/wp\/v2\/pages\/58\/revisions"}],"predecessor-version":[{"id":896,"href":"https:\/\/jyvaskyla-paijannerotaryklubi.fi\/index.php?rest_route=\/wp\/v2\/pages\/58\/revisions\/896"}],"wp:featuredmedia":[{"embeddable":true,"href":"https:\/\/jyvaskyla-paijannerotaryklubi.fi\/index.php?rest_route=\/wp\/v2\/media\/629"}],"wp:attachment":[{"href":"https:\/\/jyvaskyla-paijannerotaryklubi.fi\/index.php?rest_route=%2Fwp%2Fv2%2Fmedia&parent=58"}],"curies":[{"name":"wp","href":"https:\/\/api.w.org\/{rel}","templated":true}]}}