{"id":51,"date":"2017-04-04T10:36:03","date_gmt":"2017-04-04T10:36:03","guid":{"rendered":"http:\/\/rotarydemo.fi.wp1.kotisivut.com\/?page_id=51"},"modified":"2025-08-18T10:26:02","modified_gmt":"2025-08-18T07:26:02","slug":"hallitus","status":"publish","type":"page","link":"https:\/\/jyvaskyla-paijannerotaryklubi.fi\/?page_id=51","title":{"rendered":"Hallitus"},"content":{"rendered":"\n<p><\/p>\n\n\n<p>\u00a0Rotarykausi 2025-2026<\/p>\n\n\n<figure class=\"wp-block-table alignleft is-style-stripes\"><table><tbody><tr><td>Presidentti<br>&nbsp; <br>Presidentti 2025-2026&nbsp;&nbsp; <br>Edellinen presidentti <br>1. sihteeri <br>2. sihteeri&nbsp;&nbsp;&nbsp;&nbsp;&nbsp;&nbsp;&nbsp; <br>3. sihteeri<br>Taloudenhoitaja<br>Nuorisovaihtovastaava<br><br>Nuorisonvaihtotiimin j\u00e4sen <br><br>Rotarys\u00e4\u00e4ti\u00f6komitean pj. <br>Ohjelmakomitean pj.&nbsp; <br>IT-vastaava<\/td><td>Kari Pitk\u00e4nen<br>kari.jk.pitkanen@gmail.com<br>Maria Linnavirta<br>Mika Kataikko<br>Erkki Lamberg, varalla Tiina M\u00e4kinen<br>Tiina M\u00e4kinen, varalla Pirjo Hokkanen<br>Teht\u00e4v\u00e4\u00e4 ei t\u00e4ytet\u00e4 t\u00e4ll\u00e4 kaudella<br>Jarmo Levy<br>Juha-Matti Latvala<br>juha-matti.latvala(\u00e4t)nmi.fi<br>Pirjo Hokkanen<br>Kari Pitk\u00e4nen<br>Asko Malinen<br>Mika Kataikko<br>Mika Kataikko<\/td><\/tr><\/tbody><\/table><\/figure>\n\n\n\n<p><\/p>\n","protected":false},"excerpt":{"rendered":"<p>\u00a0Rotarykausi 2025-2026 Presidentti&nbsp; Presidentti 2025-2026&nbsp;&nbsp; Edellinen presidentti 1. sihteeri 2. sihteeri&nbsp;&nbsp;&nbsp;&nbsp;&nbsp;&nbsp;&nbsp; 3. sihteeriTaloudenhoitajaNuorisovaihtovastaava Nuorisonvaihtotiimin j\u00e4sen Rotarys\u00e4\u00e4ti\u00f6komitean pj. Ohjelmakomitean pj.&nbsp; IT-vastaava Kari Pitk\u00e4nenkari.jk.pitkanen@gmail.comMaria LinnavirtaMika KataikkoErkki Lamberg, varalla Tiina M\u00e4kinenTiina M\u00e4kinen, varalla &#8230; <a title=\"Hallitus\" class=\"read-more\" href=\"https:\/\/jyvaskyla-paijannerotaryklubi.fi\/?page_id=51\" aria-label=\"Lue lis\u00e4\u00e4 aiheesta Hallitus\">Lue lis\u00e4\u00e4<\/a><\/p>\n","protected":false},"author":1,"featured_media":629,"parent":0,"menu_order":0,"comment_status":"closed","ping_status":"closed","template":"","meta":{"footnotes":""},"class_list":["post-51","page","type-page","status-publish","has-post-thumbnail"],"_links":{"self":[{"href":"https:\/\/jyvaskyla-paijannerotaryklubi.fi\/index.php?rest_route=\/wp\/v2\/pages\/51","targetHints":{"allow":["GET"]}}],"collection":[{"href":"https:\/\/jyvaskyla-paijannerotaryklubi.fi\/index.php?rest_route=\/wp\/v2\/pages"}],"about":[{"href":"https:\/\/jyvaskyla-paijannerotaryklubi.fi\/index.php?rest_route=\/wp\/v2\/types\/page"}],"author":[{"embeddable":true,"href":"https:\/\/jyvaskyla-paijannerotaryklubi.fi\/index.php?rest_route=\/wp\/v2\/users\/1"}],"replies":[{"embeddable":true,"href":"https:\/\/jyvaskyla-paijannerotaryklubi.fi\/index.php?rest_route=%2Fwp%2Fv2%2Fcomments&post=51"}],"version-history":[{"count":37,"href":"https:\/\/jyvaskyla-paijannerotaryklubi.fi\/index.php?rest_route=\/wp\/v2\/pages\/51\/revisions"}],"predecessor-version":[{"id":1462,"href":"https:\/\/jyvaskyla-paijannerotaryklubi.fi\/index.php?rest_route=\/wp\/v2\/pages\/51\/revisions\/1462"}],"wp:featuredmedia":[{"embeddable":true,"href":"https:\/\/jyvaskyla-paijannerotaryklubi.fi\/index.php?rest_route=\/wp\/v2\/media\/629"}],"wp:attachment":[{"href":"https:\/\/jyvaskyla-paijannerotaryklubi.fi\/index.php?rest_route=%2Fwp%2Fv2%2Fmedia&parent=51"}],"curies":[{"name":"wp","href":"https:\/\/api.w.org\/{rel}","templated":true}]}}