{"id":379,"date":"2017-08-20T07:41:54","date_gmt":"2017-08-20T07:41:54","guid":{"rendered":"http:\/\/jyvaskyla-paijannerotaryklubi.fi\/?page_id=379"},"modified":"2020-08-27T13:04:05","modified_gmt":"2020-08-27T10:04:05","slug":"arkisto","status":"publish","type":"page","link":"https:\/\/jyvaskyla-paijannerotaryklubi.fi\/?page_id=379","title":{"rendered":"Vuosien varrelta"},"content":{"rendered":"<pre>Klubillamme on tapana tervehti\u00e4 75-vuotta t\u00e4ytt\u00e4nytt\u00e4 klubilaista (ja siit\u00e4 eteenp\u00e4in viiden vuoden v\u00e4lein) Old Invalid portviinill\u00e4.\nEero Vuento otti selv\u00e4\u00e4, mit\u00e4 on Old Invalid. T\u00e4ss\u00e4 Alko Oy:n vastaus:<\/pre>\n<pre>SANDEMAN OLD INVALID\nPortviinitalon perusti George Sandeman v. 1790.\nOld Invaiid on tuottajan vanhimpia portviinimerkkej\u00e4.\nYhti\u00f6n antaman vastauksen mukaan nimi tulee vanhasta etiketist\u00e4, johon oli kirjoitettu lontoolaisen E.Godwing Clayton nimisen l\u00e4\u00e4k\u00e4rin antama todistus:\n\n\" Olen analysoinut n\u00e4ytteen Sandeman&amp;Co:n Invalid portviini\u00e4. Se on puhdasta, eik\u00e4 siin\u00e4 ole lis\u00e4ttyj\u00e4 ainesosia. Se on tervett\u00e4 ja hyv\u00e4\u00e4 laatua. Pid\u00e4n viini\u00e4 eritt\u00e4in sopivana invalideille, sek\u00e4 my\u00f6s yleiseen k\u00e4ytt\u00f6\u00f6n.\"\n\nPortviini\u00e4 pidettiin hyv\u00e4n\u00e4 l\u00e4\u00e4keviinin\u00e4 jo Napoleonin sotien aikaan.\nT\u00e4n\u00e4 p\u00e4iv\u00e4n\u00e4 tuotenimell\u00e4 Old Invaiid t\u00e4t\u00e4 portviini\u00e4 myyd\u00e4\u00e4n Pohjoismaissa ja Sveitsiss\u00e4. Muualla nimi on Sandeman Ruby Port.\n\nAlkon valikoimassa viini on ollut vuodesta 1933.\n\nMustaviittainen ja -hattuinen mies \"Don\" on ollut Sandemanin tavaramerkki vuodesta 1928.<\/pre>\n<p><img loading=\"lazy\" decoding=\"async\" class=\"size-medium wp-image-352\" src=\"https:\/\/jyvaskyla-paijannerotaryklubi.fi\/wp-content\/uploads\/2017\/08\/Honoring_50-300x203.jpg\" alt=\"\" width=\"300\" height=\"203\" srcset=\"https:\/\/jyvaskyla-paijannerotaryklubi.fi\/wp-content\/uploads\/2017\/08\/Honoring_50-300x203.jpg 300w, https:\/\/jyvaskyla-paijannerotaryklubi.fi\/wp-content\/uploads\/2017\/08\/Honoring_50.jpg 400w\" sizes=\"auto, (max-width: 300px) 100vw, 300px\" \/> RI:n tervehdys 50-vuotiaalle klubillemme.<\/p>\n<p><img loading=\"lazy\" decoding=\"async\" class=\" size-medium wp-image-345\" src=\"https:\/\/jyvaskyla-paijannerotaryklubi.fi\/wp-content\/uploads\/2017\/08\/Osasto_img05_600px-300x228.jpg\" alt=\"\" width=\"300\" height=\"228\" srcset=\"https:\/\/jyvaskyla-paijannerotaryklubi.fi\/wp-content\/uploads\/2017\/08\/Osasto_img05_600px-300x228.jpg 300w, https:\/\/jyvaskyla-paijannerotaryklubi.fi\/wp-content\/uploads\/2017\/08\/Osasto_img05_600px.jpg 600w\" sizes=\"auto, (max-width: 300px) 100vw, 300px\" \/> Osastomme hyvinvointimessuilla 2016.<\/p>\n<p><img loading=\"lazy\" decoding=\"async\" class=\"size-medium wp-image-348\" src=\"https:\/\/jyvaskyla-paijannerotaryklubi.fi\/wp-content\/uploads\/2017\/08\/Wien1-300x199.jpg\" alt=\"\" width=\"300\" height=\"199\" srcset=\"https:\/\/jyvaskyla-paijannerotaryklubi.fi\/wp-content\/uploads\/2017\/08\/Wien1-300x199.jpg 300w, https:\/\/jyvaskyla-paijannerotaryklubi.fi\/wp-content\/uploads\/2017\/08\/Wien1-768x509.jpg 768w, https:\/\/jyvaskyla-paijannerotaryklubi.fi\/wp-content\/uploads\/2017\/08\/Wien1.jpg 1024w, https:\/\/jyvaskyla-paijannerotaryklubi.fi\/wp-content\/uploads\/2017\/08\/Wien1-960x637.jpg 960w\" sizes=\"auto, (max-width: 300px) 100vw, 300px\" \/>Kuva klubimme Wienin matkalta 1988.<\/p>\n<p><img loading=\"lazy\" decoding=\"async\" class=\"size-medium wp-image-350\" src=\"https:\/\/jyvaskyla-paijannerotaryklubi.fi\/wp-content\/uploads\/2017\/08\/EPN_tunustus-300x232.jpg\" alt=\"\" width=\"300\" height=\"232\" srcset=\"https:\/\/jyvaskyla-paijannerotaryklubi.fi\/wp-content\/uploads\/2017\/08\/EPN_tunustus-300x232.jpg 300w, https:\/\/jyvaskyla-paijannerotaryklubi.fi\/wp-content\/uploads\/2017\/08\/EPN_tunustus.jpg 600w\" sizes=\"auto, (max-width: 300px) 100vw, 300px\" \/> Klubimme saama tunnustus End Polio Now -tavoitteen saavuttamisesta.<\/p>\n<p><img loading=\"lazy\" decoding=\"async\" class=\" size-medium wp-image-344\" src=\"https:\/\/jyvaskyla-paijannerotaryklubi.fi\/wp-content\/uploads\/2017\/08\/Osasto_img01_600px-256x300.jpg\" alt=\"\" width=\"256\" height=\"300\" srcset=\"https:\/\/jyvaskyla-paijannerotaryklubi.fi\/wp-content\/uploads\/2017\/08\/Osasto_img01_600px-256x300.jpg 256w, https:\/\/jyvaskyla-paijannerotaryklubi.fi\/wp-content\/uploads\/2017\/08\/Osasto_img01_600px.jpg 600w\" sizes=\"auto, (max-width: 256px) 100vw, 256px\" \/>Osastomme hyvivointimessuilla. .<\/p>\n<p><img loading=\"lazy\" decoding=\"async\" class=\" size-medium wp-image-342\" src=\"https:\/\/jyvaskyla-paijannerotaryklubi.fi\/wp-content\/uploads\/2017\/08\/museossa2-300x170.jpg\" alt=\"\" width=\"300\" height=\"170\" srcset=\"https:\/\/jyvaskyla-paijannerotaryklubi.fi\/wp-content\/uploads\/2017\/08\/museossa2-300x170.jpg 300w, https:\/\/jyvaskyla-paijannerotaryklubi.fi\/wp-content\/uploads\/2017\/08\/museossa2.jpg 350w\" sizes=\"auto, (max-width: 300px) 100vw, 300px\" \/><br \/>\nIlmailumuseossa.<\/p>\n","protected":false},"excerpt":{"rendered":"<p>Klubillamme on tapana tervehti\u00e4 75-vuotta t\u00e4ytt\u00e4nytt\u00e4 klubilaista (ja siit\u00e4 eteenp\u00e4in viiden vuoden v\u00e4lein) Old Invalid portviinill\u00e4. Eero Vuento otti selv\u00e4\u00e4, mit\u00e4 on Old Invalid. T\u00e4ss\u00e4 Alko Oy:n vastaus: SANDEMAN OLD &#8230; <a title=\"Vuosien varrelta\" class=\"read-more\" href=\"https:\/\/jyvaskyla-paijannerotaryklubi.fi\/?page_id=379\" aria-label=\"Lue lis\u00e4\u00e4 aiheesta Vuosien varrelta\">Lue lis\u00e4\u00e4<\/a><\/p>\n","protected":false},"author":1,"featured_media":629,"parent":0,"menu_order":0,"comment_status":"closed","ping_status":"closed","template":"","meta":{"footnotes":""},"class_list":["post-379","page","type-page","status-publish","has-post-thumbnail"],"_links":{"self":[{"href":"https:\/\/jyvaskyla-paijannerotaryklubi.fi\/index.php?rest_route=\/wp\/v2\/pages\/379","targetHints":{"allow":["GET"]}}],"collection":[{"href":"https:\/\/jyvaskyla-paijannerotaryklubi.fi\/index.php?rest_route=\/wp\/v2\/pages"}],"about":[{"href":"https:\/\/jyvaskyla-paijannerotaryklubi.fi\/index.php?rest_route=\/wp\/v2\/types\/page"}],"author":[{"embeddable":true,"href":"https:\/\/jyvaskyla-paijannerotaryklubi.fi\/index.php?rest_route=\/wp\/v2\/users\/1"}],"replies":[{"embeddable":true,"href":"https:\/\/jyvaskyla-paijannerotaryklubi.fi\/index.php?rest_route=%2Fwp%2Fv2%2Fcomments&post=379"}],"version-history":[{"count":8,"href":"https:\/\/jyvaskyla-paijannerotaryklubi.fi\/index.php?rest_route=\/wp\/v2\/pages\/379\/revisions"}],"predecessor-version":[{"id":869,"href":"https:\/\/jyvaskyla-paijannerotaryklubi.fi\/index.php?rest_route=\/wp\/v2\/pages\/379\/revisions\/869"}],"wp:featuredmedia":[{"embeddable":true,"href":"https:\/\/jyvaskyla-paijannerotaryklubi.fi\/index.php?rest_route=\/wp\/v2\/media\/629"}],"wp:attachment":[{"href":"https:\/\/jyvaskyla-paijannerotaryklubi.fi\/index.php?rest_route=%2Fwp%2Fv2%2Fmedia&parent=379"}],"curies":[{"name":"wp","href":"https:\/\/api.w.org\/{rel}","templated":true}]}}