{"id":1208,"date":"2023-05-10T10:17:18","date_gmt":"2023-05-10T07:17:18","guid":{"rendered":"https:\/\/jyvaskyla-paijannerotaryklubi.fi\/?page_id=1208"},"modified":"2024-07-01T10:25:05","modified_gmt":"2024-07-01T07:25:05","slug":"kuva-albumi","status":"publish","type":"page","link":"https:\/\/jyvaskyla-paijannerotaryklubi.fi\/?page_id=1208","title":{"rendered":"Kuva-albumi"},"content":{"rendered":"\n<figure class=\"wp-block-gallery has-nested-images columns-default is-cropped wp-block-gallery-1 is-layout-flex wp-block-gallery-is-layout-flex\">\n<figure class=\"wp-block-image size-large\"><img loading=\"lazy\" decoding=\"async\" width=\"533\" height=\"300\" data-id=\"1377\" src=\"https:\/\/jyvaskyla-paijannerotaryklubi.fi\/wp-content\/uploads\/2024\/07\/Opintotodistus_web.jpg\" alt=\"\" class=\"wp-image-1377\" srcset=\"https:\/\/jyvaskyla-paijannerotaryklubi.fi\/wp-content\/uploads\/2024\/07\/Opintotodistus_web.jpg 533w, https:\/\/jyvaskyla-paijannerotaryklubi.fi\/wp-content\/uploads\/2024\/07\/Opintotodistus_web-300x169.jpg 300w\" sizes=\"auto, (max-width: 533px) 100vw, 533px\" \/><\/figure>\n\n\n\n<figure class=\"wp-block-image size-large\"><img loading=\"lazy\" decoding=\"async\" width=\"533\" height=\"300\" data-id=\"1376\" src=\"https:\/\/jyvaskyla-paijannerotaryklubi.fi\/wp-content\/uploads\/2024\/07\/Golf-Sippula-26_6_2024b_web.jpg\" alt=\"\" class=\"wp-image-1376\" srcset=\"https:\/\/jyvaskyla-paijannerotaryklubi.fi\/wp-content\/uploads\/2024\/07\/Golf-Sippula-26_6_2024b_web.jpg 533w, https:\/\/jyvaskyla-paijannerotaryklubi.fi\/wp-content\/uploads\/2024\/07\/Golf-Sippula-26_6_2024b_web-300x169.jpg 300w\" sizes=\"auto, (max-width: 533px) 100vw, 533px\" \/><\/figure>\n\n\n\n<figure class=\"wp-block-image size-large\"><img loading=\"lazy\" decoding=\"async\" width=\"533\" height=\"300\" data-id=\"1375\" src=\"https:\/\/jyvaskyla-paijannerotaryklubi.fi\/wp-content\/uploads\/2024\/07\/Golf-Sippula-26_6_2024_web.jpg\" alt=\"\" class=\"wp-image-1375\" srcset=\"https:\/\/jyvaskyla-paijannerotaryklubi.fi\/wp-content\/uploads\/2024\/07\/Golf-Sippula-26_6_2024_web.jpg 533w, https:\/\/jyvaskyla-paijannerotaryklubi.fi\/wp-content\/uploads\/2024\/07\/Golf-Sippula-26_6_2024_web-300x169.jpg 300w\" sizes=\"auto, (max-width: 533px) 100vw, 533px\" \/><\/figure>\n\n\n\n<figure class=\"wp-block-image size-large\"><img loading=\"lazy\" decoding=\"async\" width=\"533\" height=\"300\" data-id=\"1374\" src=\"https:\/\/jyvaskyla-paijannerotaryklubi.fi\/wp-content\/uploads\/2024\/07\/Tikkakoski-Mig21_web.jpg\" alt=\"\" class=\"wp-image-1374\" srcset=\"https:\/\/jyvaskyla-paijannerotaryklubi.fi\/wp-content\/uploads\/2024\/07\/Tikkakoski-Mig21_web.jpg 533w, https:\/\/jyvaskyla-paijannerotaryklubi.fi\/wp-content\/uploads\/2024\/07\/Tikkakoski-Mig21_web-300x169.jpg 300w\" sizes=\"auto, (max-width: 533px) 100vw, 533px\" \/><\/figure>\n<\/figure>\n\n\n\n<figure class=\"wp-block-gallery has-nested-images columns-default is-cropped wp-block-gallery-2 is-layout-flex wp-block-gallery-is-layout-flex\">\n<figure class=\"wp-block-image size-large\"><img loading=\"lazy\" decoding=\"async\" width=\"400\" height=\"300\" data-id=\"1231\" src=\"https:\/\/jyvaskyla-paijannerotaryklubi.fi\/wp-content\/uploads\/2023\/05\/Ohjelmakomitea-2023-24-1.jpg\" alt=\"\" class=\"wp-image-1231\" srcset=\"https:\/\/jyvaskyla-paijannerotaryklubi.fi\/wp-content\/uploads\/2023\/05\/Ohjelmakomitea-2023-24-1.jpg 400w, https:\/\/jyvaskyla-paijannerotaryklubi.fi\/wp-content\/uploads\/2023\/05\/Ohjelmakomitea-2023-24-1-300x225.jpg 300w\" sizes=\"auto, (max-width: 400px) 100vw, 400px\" \/><figcaption class=\"wp-element-caption\">Ohjelmakomitea 2023-2024<\/figcaption><\/figure>\n\n\n\n<figure class=\"wp-block-image size-large\"><img loading=\"lazy\" decoding=\"async\" width=\"400\" height=\"300\" data-id=\"1232\" src=\"https:\/\/jyvaskyla-paijannerotaryklubi.fi\/wp-content\/uploads\/2023\/05\/Pietari-Sorri-1.jpg\" alt=\"\" class=\"wp-image-1232\" srcset=\"https:\/\/jyvaskyla-paijannerotaryklubi.fi\/wp-content\/uploads\/2023\/05\/Pietari-Sorri-1.jpg 400w, https:\/\/jyvaskyla-paijannerotaryklubi.fi\/wp-content\/uploads\/2023\/05\/Pietari-Sorri-1-300x225.jpg 300w\" sizes=\"auto, (max-width: 400px) 100vw, 400px\" \/><figcaption class=\"wp-element-caption\">Pietari Sorri ja Nordic Drone<\/figcaption><\/figure>\n<\/figure>\n\n\n\n<figure class=\"wp-block-image size-full\"><img loading=\"lazy\" decoding=\"async\" width=\"400\" height=\"300\" src=\"https:\/\/jyvaskyla-paijannerotaryklubi.fi\/wp-content\/uploads\/2023\/04\/Helina-e1683703863195.jpg\" alt=\"\" class=\"wp-image-1193\" srcset=\"https:\/\/jyvaskyla-paijannerotaryklubi.fi\/wp-content\/uploads\/2023\/04\/Helina-e1683703863195.jpg 400w, https:\/\/jyvaskyla-paijannerotaryklubi.fi\/wp-content\/uploads\/2023\/04\/Helina-e1683703863195-300x225.jpg 300w\" sizes=\"auto, (max-width: 400px) 100vw, 400px\" \/><figcaption class=\"wp-element-caption\">Jyv\u00e4skyl\u00e4-Seuran puheenjohtaja Helin\u00e4 M\u00e4enp\u00e4\u00e4 kertoo seuran toiminnasta 20.4.2023 kokouksessa.<\/figcaption><\/figure>\n\n\n\n<p><\/p>\n\n\n\n<figure class=\"wp-block-gallery has-nested-images columns-default is-cropped wp-block-gallery-3 is-layout-flex wp-block-gallery-is-layout-flex\">\n<figure class=\"wp-block-image size-large\"><img loading=\"lazy\" decoding=\"async\" width=\"640\" height=\"480\" data-id=\"1241\" src=\"https:\/\/jyvaskyla-paijannerotaryklubi.fi\/wp-content\/uploads\/2023\/05\/Sonja-Vectomov-kertoo2.jpeg\" alt=\"\" class=\"wp-image-1241\" srcset=\"https:\/\/jyvaskyla-paijannerotaryklubi.fi\/wp-content\/uploads\/2023\/05\/Sonja-Vectomov-kertoo2.jpeg 640w, https:\/\/jyvaskyla-paijannerotaryklubi.fi\/wp-content\/uploads\/2023\/05\/Sonja-Vectomov-kertoo2-300x225.jpeg 300w\" sizes=\"auto, (max-width: 640px) 100vw, 640px\" \/><figcaption class=\"wp-element-caption\">Klubilaisia kuuntelemassa Kauko Sorjosen pihamaalla.<\/figcaption><\/figure>\n\n\n\n<figure class=\"wp-block-image size-large\"><img loading=\"lazy\" decoding=\"async\" width=\"640\" height=\"480\" data-id=\"1240\" src=\"https:\/\/jyvaskyla-paijannerotaryklubi.fi\/wp-content\/uploads\/2023\/05\/Sonja-Vectomov-kertoo1.jpeg\" alt=\"\" class=\"wp-image-1240\" srcset=\"https:\/\/jyvaskyla-paijannerotaryklubi.fi\/wp-content\/uploads\/2023\/05\/Sonja-Vectomov-kertoo1.jpeg 640w, https:\/\/jyvaskyla-paijannerotaryklubi.fi\/wp-content\/uploads\/2023\/05\/Sonja-Vectomov-kertoo1-300x225.jpeg 300w\" sizes=\"auto, (max-width: 640px) 100vw, 640px\" \/><figcaption class=\"wp-element-caption\">Kuvanveist\u00e4j\u00e4 Sonja Vectomov esittelee veistoksiaan Kauko Sorjosen pihamaalla.<\/figcaption><\/figure>\n\n\n\n<figure class=\"wp-block-image size-large\"><img loading=\"lazy\" decoding=\"async\" width=\"480\" height=\"640\" data-id=\"1239\" src=\"https:\/\/jyvaskyla-paijannerotaryklubi.fi\/wp-content\/uploads\/2023\/05\/Wivi-Lonn-2010.jpeg\" alt=\"\" class=\"wp-image-1239\" srcset=\"https:\/\/jyvaskyla-paijannerotaryklubi.fi\/wp-content\/uploads\/2023\/05\/Wivi-Lonn-2010.jpeg 480w, https:\/\/jyvaskyla-paijannerotaryklubi.fi\/wp-content\/uploads\/2023\/05\/Wivi-Lonn-2010-225x300.jpeg 225w\" sizes=\"auto, (max-width: 480px) 100vw, 480px\" \/><figcaption class=\"wp-element-caption\">Sonja Vectomovin tekem\u00e4 pronssiveistos Wivi L\u00f6nnist\u00e4 (2010)<\/figcaption><\/figure>\n\n\n\n<figure class=\"wp-block-image size-large\"><img loading=\"lazy\" decoding=\"async\" width=\"640\" height=\"480\" data-id=\"1238\" src=\"https:\/\/jyvaskyla-paijannerotaryklubi.fi\/wp-content\/uploads\/2023\/05\/Sonja-Vectomov-kertoo3.jpeg\" alt=\"\" class=\"wp-image-1238\" srcset=\"https:\/\/jyvaskyla-paijannerotaryklubi.fi\/wp-content\/uploads\/2023\/05\/Sonja-Vectomov-kertoo3.jpeg 640w, https:\/\/jyvaskyla-paijannerotaryklubi.fi\/wp-content\/uploads\/2023\/05\/Sonja-Vectomov-kertoo3-300x225.jpeg 300w\" sizes=\"auto, (max-width: 640px) 100vw, 640px\" \/><figcaption class=\"wp-element-caption\">Kuvanveist\u00e4j\u00e4 Sonja Vectomov esittelee veistoksiaan Kauko Sorjosen pihamaalla.<\/figcaption><\/figure>\n<\/figure>\n\n\n\n<figure class=\"wp-block-gallery has-nested-images columns-default is-cropped wp-block-gallery-4 is-layout-flex wp-block-gallery-is-layout-flex\">\n<figure class=\"wp-block-image size-large\"><img loading=\"lazy\" decoding=\"async\" width=\"400\" height=\"300\" data-id=\"1248\" src=\"https:\/\/jyvaskyla-paijannerotaryklubi.fi\/wp-content\/uploads\/2023\/06\/Malja-paattyneelle-toimintavuodelle.jpg\" alt=\"\" class=\"wp-image-1248\" srcset=\"https:\/\/jyvaskyla-paijannerotaryklubi.fi\/wp-content\/uploads\/2023\/06\/Malja-paattyneelle-toimintavuodelle.jpg 400w, https:\/\/jyvaskyla-paijannerotaryklubi.fi\/wp-content\/uploads\/2023\/06\/Malja-paattyneelle-toimintavuodelle-300x225.jpg 300w\" sizes=\"auto, (max-width: 400px) 100vw, 400px\" \/><figcaption class=\"wp-element-caption\">P\u00e4\u00e4ttyneelle kaudelle. Kiitos past presidentille.<\/figcaption><\/figure>\n\n\n\n<figure class=\"wp-block-image size-large\"><img loading=\"lazy\" decoding=\"async\" width=\"400\" height=\"300\" data-id=\"1249\" src=\"https:\/\/jyvaskyla-paijannerotaryklubi.fi\/wp-content\/uploads\/2023\/06\/Menneen-kauden-kuulumisia.jpg\" alt=\"\" class=\"wp-image-1249\" srcset=\"https:\/\/jyvaskyla-paijannerotaryklubi.fi\/wp-content\/uploads\/2023\/06\/Menneen-kauden-kuulumisia.jpg 400w, https:\/\/jyvaskyla-paijannerotaryklubi.fi\/wp-content\/uploads\/2023\/06\/Menneen-kauden-kuulumisia-300x225.jpg 300w\" sizes=\"auto, (max-width: 400px) 100vw, 400px\" \/><figcaption class=\"wp-element-caption\">P\u00e4\u00e4ttyneen kauden muistelua.<\/figcaption><\/figure>\n\n\n\n<figure class=\"wp-block-image size-large\"><img loading=\"lazy\" decoding=\"async\" width=\"400\" height=\"300\" data-id=\"1247\" src=\"https:\/\/jyvaskyla-paijannerotaryklubi.fi\/wp-content\/uploads\/2023\/06\/Maisemia-Suomi-laivalta.jpg\" alt=\"\" class=\"wp-image-1247\" srcset=\"https:\/\/jyvaskyla-paijannerotaryklubi.fi\/wp-content\/uploads\/2023\/06\/Maisemia-Suomi-laivalta.jpg 400w, https:\/\/jyvaskyla-paijannerotaryklubi.fi\/wp-content\/uploads\/2023\/06\/Maisemia-Suomi-laivalta-300x225.jpg 300w\" sizes=\"auto, (max-width: 400px) 100vw, 400px\" \/><figcaption class=\"wp-element-caption\">P\u00e4ij\u00e4nteen rantoja Suomi-laivalta.<\/figcaption><\/figure>\n\n\n\n<figure class=\"wp-block-image size-large\"><img loading=\"lazy\" decoding=\"async\" width=\"400\" height=\"300\" data-id=\"1246\" src=\"https:\/\/jyvaskyla-paijannerotaryklubi.fi\/wp-content\/uploads\/2023\/06\/Illallinen-laivalla.jpg\" alt=\"\" class=\"wp-image-1246\" srcset=\"https:\/\/jyvaskyla-paijannerotaryklubi.fi\/wp-content\/uploads\/2023\/06\/Illallinen-laivalla.jpg 400w, https:\/\/jyvaskyla-paijannerotaryklubi.fi\/wp-content\/uploads\/2023\/06\/Illallinen-laivalla-300x225.jpg 300w\" sizes=\"auto, (max-width: 400px) 100vw, 400px\" \/><figcaption class=\"wp-element-caption\">Hieno p\u00e4\u00e4t\u00f6s kaudelle 2022-23. Illallinen laivalla.<\/figcaption><\/figure>\n\n\n\n<figure class=\"wp-block-image size-large\"><img loading=\"lazy\" decoding=\"async\" width=\"400\" height=\"533\" data-id=\"1245\" src=\"https:\/\/jyvaskyla-paijannerotaryklubi.fi\/wp-content\/uploads\/2023\/06\/Uusi-presidenttimme.jpg\" alt=\"\" class=\"wp-image-1245\" srcset=\"https:\/\/jyvaskyla-paijannerotaryklubi.fi\/wp-content\/uploads\/2023\/06\/Uusi-presidenttimme.jpg 400w, https:\/\/jyvaskyla-paijannerotaryklubi.fi\/wp-content\/uploads\/2023\/06\/Uusi-presidenttimme-225x300.jpg 225w\" sizes=\"auto, (max-width: 400px) 100vw, 400px\" \/><figcaption class=\"wp-element-caption\">K\u00e4\u00e4dyt on vaihdettu. Uusi presidentti ottaa puheenjohtajan nuijan.<\/figcaption><\/figure>\n\n\n\n<figure class=\"wp-block-image size-large\"><img loading=\"lazy\" decoding=\"async\" width=\"400\" height=\"300\" data-id=\"1244\" src=\"https:\/\/jyvaskyla-paijannerotaryklubi.fi\/wp-content\/uploads\/2023\/06\/Sihteerin-vapaapaiva.jpg\" alt=\"\" class=\"wp-image-1244\" srcset=\"https:\/\/jyvaskyla-paijannerotaryklubi.fi\/wp-content\/uploads\/2023\/06\/Sihteerin-vapaapaiva.jpg 400w, https:\/\/jyvaskyla-paijannerotaryklubi.fi\/wp-content\/uploads\/2023\/06\/Sihteerin-vapaapaiva-300x225.jpg 300w\" sizes=\"auto, (max-width: 400px) 100vw, 400px\" \/><figcaption class=\"wp-element-caption\">Sihteerin vapaap\u00e4iv\u00e4.<\/figcaption><\/figure>\n<\/figure>\n\n\n\n<figure class=\"wp-block-image\"><img loading=\"lazy\" decoding=\"async\" width=\"533\" height=\"300\" src=\"https:\/\/jyvaskyla-paijannerotaryklubi.fi\/wp-content\/uploads\/2024\/07\/Opintotodistus_web.jpg\" alt=\"\" class=\"wp-image-1377\" srcset=\"https:\/\/jyvaskyla-paijannerotaryklubi.fi\/wp-content\/uploads\/2024\/07\/Opintotodistus_web.jpg 533w, https:\/\/jyvaskyla-paijannerotaryklubi.fi\/wp-content\/uploads\/2024\/07\/Opintotodistus_web-300x169.jpg 300w\" sizes=\"auto, (max-width: 533px) 100vw, 533px\" \/><\/figure>\n\n\n\n<figure class=\"wp-block-image\"><img loading=\"lazy\" decoding=\"async\" width=\"533\" height=\"300\" src=\"https:\/\/jyvaskyla-paijannerotaryklubi.fi\/wp-content\/uploads\/2024\/07\/Golf-Sippula-26_6_2024b_web.jpg\" alt=\"\" class=\"wp-image-1376\" srcset=\"https:\/\/jyvaskyla-paijannerotaryklubi.fi\/wp-content\/uploads\/2024\/07\/Golf-Sippula-26_6_2024b_web.jpg 533w, https:\/\/jyvaskyla-paijannerotaryklubi.fi\/wp-content\/uploads\/2024\/07\/Golf-Sippula-26_6_2024b_web-300x169.jpg 300w\" sizes=\"auto, (max-width: 533px) 100vw, 533px\" \/><\/figure>\n\n\n\n<figure class=\"wp-block-image\"><img loading=\"lazy\" decoding=\"async\" width=\"533\" height=\"300\" src=\"https:\/\/jyvaskyla-paijannerotaryklubi.fi\/wp-content\/uploads\/2024\/07\/Opintotodistus_web.jpg\" alt=\"\" class=\"wp-image-1377\" srcset=\"https:\/\/jyvaskyla-paijannerotaryklubi.fi\/wp-content\/uploads\/2024\/07\/Opintotodistus_web.jpg 533w, https:\/\/jyvaskyla-paijannerotaryklubi.fi\/wp-content\/uploads\/2024\/07\/Opintotodistus_web-300x169.jpg 300w\" sizes=\"auto, (max-width: 533px) 100vw, 533px\" \/><\/figure>\n\n\n\n<figure class=\"wp-block-image\"><img loading=\"lazy\" decoding=\"async\" width=\"533\" height=\"300\" src=\"https:\/\/jyvaskyla-paijannerotaryklubi.fi\/wp-content\/uploads\/2024\/07\/Golf-Sippula-26_6_2024b_web.jpg\" alt=\"\" class=\"wp-image-1376\" srcset=\"https:\/\/jyvaskyla-paijannerotaryklubi.fi\/wp-content\/uploads\/2024\/07\/Golf-Sippula-26_6_2024b_web.jpg 533w, https:\/\/jyvaskyla-paijannerotaryklubi.fi\/wp-content\/uploads\/2024\/07\/Golf-Sippula-26_6_2024b_web-300x169.jpg 300w\" sizes=\"auto, (max-width: 533px) 100vw, 533px\" \/><\/figure>\n\n\n\n<figure class=\"wp-block-image\"><img loading=\"lazy\" decoding=\"async\" width=\"533\" height=\"300\" src=\"https:\/\/jyvaskyla-paijannerotaryklubi.fi\/wp-content\/uploads\/2024\/07\/Opintotodistus_web.jpg\" alt=\"\" class=\"wp-image-1377\" srcset=\"https:\/\/jyvaskyla-paijannerotaryklubi.fi\/wp-content\/uploads\/2024\/07\/Opintotodistus_web.jpg 533w, https:\/\/jyvaskyla-paijannerotaryklubi.fi\/wp-content\/uploads\/2024\/07\/Opintotodistus_web-300x169.jpg 300w\" sizes=\"auto, (max-width: 533px) 100vw, 533px\" \/><\/figure>\n\n\n\n<figure class=\"wp-block-gallery has-nested-images columns-default is-cropped wp-block-gallery-5 is-layout-flex wp-block-gallery-is-layout-flex\"><\/figure>\n\n\n\n<figure class=\"wp-block-gallery has-nested-images columns-default is-cropped wp-block-gallery-6 is-layout-flex wp-block-gallery-is-layout-flex\"><\/figure>\n\n\n\n<figure class=\"wp-block-gallery has-nested-images columns-default is-cropped wp-block-gallery-7 is-layout-flex wp-block-gallery-is-layout-flex\"><\/figure>\n","protected":false},"excerpt":{"rendered":"","protected":false},"author":1,"featured_media":0,"parent":0,"menu_order":0,"comment_status":"closed","ping_status":"closed","template":"","meta":{"footnotes":""},"class_list":["post-1208","page","type-page","status-publish"],"_links":{"self":[{"href":"https:\/\/jyvaskyla-paijannerotaryklubi.fi\/index.php?rest_route=\/wp\/v2\/pages\/1208","targetHints":{"allow":["GET"]}}],"collection":[{"href":"https:\/\/jyvaskyla-paijannerotaryklubi.fi\/index.php?rest_route=\/wp\/v2\/pages"}],"about":[{"href":"https:\/\/jyvaskyla-paijannerotaryklubi.fi\/index.php?rest_route=\/wp\/v2\/types\/page"}],"author":[{"embeddable":true,"href":"https:\/\/jyvaskyla-paijannerotaryklubi.fi\/index.php?rest_route=\/wp\/v2\/users\/1"}],"replies":[{"embeddable":true,"href":"https:\/\/jyvaskyla-paijannerotaryklubi.fi\/index.php?rest_route=%2Fwp%2Fv2%2Fcomments&post=1208"}],"version-history":[{"count":7,"href":"https:\/\/jyvaskyla-paijannerotaryklubi.fi\/index.php?rest_route=\/wp\/v2\/pages\/1208\/revisions"}],"predecessor-version":[{"id":1379,"href":"https:\/\/jyvaskyla-paijannerotaryklubi.fi\/index.php?rest_route=\/wp\/v2\/pages\/1208\/revisions\/1379"}],"wp:attachment":[{"href":"https:\/\/jyvaskyla-paijannerotaryklubi.fi\/index.php?rest_route=%2Fwp%2Fv2%2Fmedia&parent=1208"}],"curies":[{"name":"wp","href":"https:\/\/api.w.org\/{rel}","templated":true}]}}